{"id":2190,"date":"2024-02-20T20:58:50","date_gmt":"2024-02-20T19:58:50","guid":{"rendered":"https:\/\/onlinefoglalas.hu\/?page_id=2190"},"modified":"2024-03-29T20:47:35","modified_gmt":"2024-03-29T19:47:35","slug":"funkciok-arak","status":"publish","type":"page","link":"https:\/\/dev.onlinefoglalas.hu\/de\/funkciok-arak\/","title":{"rendered":"Funkci\u00f3k &#038; \u00c1rak"},"content":{"rendered":"<lord-icon\r\n    src=\"https:\/\/cdn.lordicon.com\/quwiezzi.json\"\r\n    trigger=\"in\"    \r\n\r\n    style=\"width:35px;height:35px; margin-top: 10px;\">\r\n<\/lord-icon>\n\n\n\n<p class=\"gb-headline gb-headline-787e783c gb-headline-text\">2 h\u00f3nap ingyen<\/p>\n\n\n\n\n\n<p class=\"gb-headline gb-headline-457d4697 gb-headline-text\">2 h\u00f3nap ingyen<\/p>\n\n\n\n<lord-icon\r\n    src=\"https:\/\/cdn.lordicon.com\/quwiezzi.json\"\r\n    trigger=\"in\"\r\nclass=\"mobile-arrow\"  \r\n\r\n    style=\"width:35px;height:35px; margin-top: 10px;\">\r\n<\/lord-icon>\n\n\n\n\n\n\n\n<p class=\"gb-headline gb-headline-a8379f53 gb-headline-text\">Havi<\/p>\n\n\n\n\n\n<p class=\"gb-headline gb-headline-0fe307ea gb-headline-text\">\u00c9ves<\/p>\n\n\n\n\n\n\n\n\n<script src=\"https:\/\/cdn.lordicon.com\/lordicon.js\"><\/script>\n<lord-icon\n    src=\"https:\/\/cdn.lordicon.com\/sacafwsi.json\"\n    trigger=\"loop\"\ndelay=\"2000\"\n    colors=\"primary:#292d32\"\n    style=\"width:50px;height:50px\">\n<\/lord-icon>\n\n\n\n\n\n<div class=\"wp-block-wpdatatables-wpdatatables-gutenberg-block\">[wpdatatable id=1 table_view=regular]<\/div>\n\n\n\n\n\n<div class=\"wp-block-wpdatatables-wpdatatables-gutenberg-block\">[wpdatatable id=3 table_view=regular]<\/div>\n\n\n\n\n\n\n\n\n<section class=\"animation-container\">\r\n    <h3 class=\"animation-headline slide\">\r\n      <span class=\"animation-words-wrapper\">\r\n        <b class=\"is-visible\">K\u00e9rd\u00e9sed maradt?<\/b>\r\n        <b>Seg\u00edts\u00e9gre van sz\u00fcks\u00e9ged?<\/b>\r\n        <b>Valami nem tiszta?<\/b>\r\n      <\/span>\r\n    <\/h3>\r\n<\/section>\n\n\n\n<p class=\"has-contrast-2-color has-text-color has-link-color wp-elements-4fe333705f7441b26135abf32e3793a3\" style=\"font-size:20px\">L\u00e9pj vel\u00fcnk kapcsolatba!<\/p>\n\n\n\n<a class=\"gb-button gb-button-ba3f47cb gb-button-text\" href=\"https:\/\/onlinefoglalas.hu\/kapcsolat\/\">Kapcsolat<\/a>","protected":false},"excerpt":{"rendered":"","protected":false},"author":1,"featured_media":0,"parent":0,"menu_order":0,"comment_status":"closed","ping_status":"closed","template":"","meta":{"footnotes":""},"class_list":["post-2190","page","type-page","status-publish","hentry"],"_links":{"self":[{"href":"https:\/\/dev.onlinefoglalas.hu\/de\/wp-json\/wp\/v2\/pages\/2190","targetHints":{"allow":["GET"]}}],"collection":[{"href":"https:\/\/dev.onlinefoglalas.hu\/de\/wp-json\/wp\/v2\/pages"}],"about":[{"href":"https:\/\/dev.onlinefoglalas.hu\/de\/wp-json\/wp\/v2\/types\/page"}],"author":[{"embeddable":true,"href":"https:\/\/dev.onlinefoglalas.hu\/de\/wp-json\/wp\/v2\/users\/1"}],"replies":[{"embeddable":true,"href":"https:\/\/dev.onlinefoglalas.hu\/de\/wp-json\/wp\/v2\/comments?post=2190"}],"version-history":[{"count":2,"href":"https:\/\/dev.onlinefoglalas.hu\/de\/wp-json\/wp\/v2\/pages\/2190\/revisions"}],"predecessor-version":[{"id":5115,"href":"https:\/\/dev.onlinefoglalas.hu\/de\/wp-json\/wp\/v2\/pages\/2190\/revisions\/5115"}],"wp:attachment":[{"href":"https:\/\/dev.onlinefoglalas.hu\/de\/wp-json\/wp\/v2\/media?parent=2190"}],"curies":[{"name":"wp","href":"https:\/\/api.w.org\/{rel}","templated":true}]}}