{"id":5174,"date":"2024-08-23T11:21:51","date_gmt":"2024-08-23T09:21:51","guid":{"rendered":"https:\/\/onlinefoglalas.hu\/?page_id=5174"},"modified":"2025-02-24T22:53:53","modified_gmt":"2025-02-24T21:53:53","slug":"impresszum","status":"publish","type":"page","link":"https:\/\/dev.onlinefoglalas.hu\/de\/impresszum\/","title":{"rendered":"Impresszum"},"content":{"rendered":"<p style=\"text-align: center;\"><strong>\u00dczemeltet\u0151 neve:<\/strong> Busbach P\u00e9ter Bence<\/p>\n<p style=\"text-align: center;\"><strong>Sz\u00e9khely:<\/strong> 7130 Tolna, Hat\u00e1r u. 2.<\/p>\n<p style=\"text-align: center;\"><strong>Tel:<\/strong> +36-20-251-9091<\/p>\n<p style=\"text-align: center;\"><strong>E-mail:<\/strong> hello@onlinefoglalas.hu<\/p>\n<p style=\"text-align: center;\"><strong>Ad\u00f3sz\u00e1m:<\/strong> 49372571-1-37<\/p>\n<p style=\"text-align: center;\"><strong>A t\u00e1rhely-szolg\u00e1ltat\u00f3 neve:<\/strong> ELIN.hu Informatikai Szolg\u00e1ltat\u00f3 \u00e9s Tan\u00e1csad\u00f3 Kft.<\/p>\n<p style=\"text-align: center;\"><strong>A t\u00e1rhely-szolg\u00e1ltat\u00f3 c\u00edme:<\/strong> 9024 Gy\u0151r, D\u00e9ry T. u. 11.<\/p>\n<p style=\"text-align: center;\"><strong>A t\u00e1rhely-szolg\u00e1ltat\u00f3 e-mail c\u00edme:<\/strong> <span style=\"font-size: inherit; background-color: var(--base-3); color: var(--contrast);\">info@elin.hu<\/span><\/p>\n<p style=\"text-align: center;\"><strong>A t\u00e1rhely-szolg\u00e1ltat\u00f3 weboldala:<\/strong> www.elin.hu<\/p>\n\n\n\n\n<!-- Onlinefoglal\u00e1s.hu iframe -->\n<iframe src=\"https:\/\/dev.onlinefoglalas.hu\/teszt123?iframe=1\" style=\"max-width:1001px;height:600px;width: 100%;\"><\/iframe>\n<!-- Onlinefoglal\u00e1s.hu iframe -->","protected":false},"excerpt":{"rendered":"","protected":false},"author":1,"featured_media":0,"parent":0,"menu_order":0,"comment_status":"closed","ping_status":"closed","template":"","meta":{"footnotes":""},"class_list":["post-5174","page","type-page","status-publish","hentry"],"_links":{"self":[{"href":"https:\/\/dev.onlinefoglalas.hu\/de\/wp-json\/wp\/v2\/pages\/5174","targetHints":{"allow":["GET"]}}],"collection":[{"href":"https:\/\/dev.onlinefoglalas.hu\/de\/wp-json\/wp\/v2\/pages"}],"about":[{"href":"https:\/\/dev.onlinefoglalas.hu\/de\/wp-json\/wp\/v2\/types\/page"}],"author":[{"embeddable":true,"href":"https:\/\/dev.onlinefoglalas.hu\/de\/wp-json\/wp\/v2\/users\/1"}],"replies":[{"embeddable":true,"href":"https:\/\/dev.onlinefoglalas.hu\/de\/wp-json\/wp\/v2\/comments?post=5174"}],"version-history":[{"count":5,"href":"https:\/\/dev.onlinefoglalas.hu\/de\/wp-json\/wp\/v2\/pages\/5174\/revisions"}],"predecessor-version":[{"id":6065,"href":"https:\/\/dev.onlinefoglalas.hu\/de\/wp-json\/wp\/v2\/pages\/5174\/revisions\/6065"}],"wp:attachment":[{"href":"https:\/\/dev.onlinefoglalas.hu\/de\/wp-json\/wp\/v2\/media?parent=5174"}],"curies":[{"name":"wp","href":"https:\/\/api.w.org\/{rel}","templated":true}]}}